{"id":64944,"date":"2021-05-15T11:14:04","date_gmt":"2021-05-15T15:14:04","guid":{"rendered":"https:\/\/campinggriffon.com\/?page_id=64944"},"modified":"2026-01-03T14:38:03","modified_gmt":"2026-01-03T19:38:03","slug":"accueil","status":"publish","type":"page","link":"https:\/\/campinggriffon.com\/fr\/","title":{"rendered":""},"content":{"rendered":"\n<div class=\"wp-block-cover alignfull is-light\"><img data-recalc-dims=\"1\" loading=\"lazy\" decoding=\"async\" width=\"750\" height=\"498\" data-attachment-id=\"64985\" data-permalink=\"https:\/\/campinggriffon.com\/fr\/accueil\/sony-dsc-3-2\/\" data-orig-file=\"https:\/\/i0.wp.com\/campinggriffon.com\/wp-content\/uploads\/2021\/05\/DSC03964.jpg?fit=4912%2C3264&amp;ssl=1\" data-orig-size=\"4912,3264\" data-comments-opened=\"1\" data-image-meta=\"{&quot;aperture&quot;:&quot;10&quot;,&quot;credit&quot;:&quot;&quot;,&quot;camera&quot;:&quot;SLT-A35&quot;,&quot;caption&quot;:&quot;SONY DSC&quot;,&quot;created_timestamp&quot;:&quot;1469449551&quot;,&quot;copyright&quot;:&quot;&quot;,&quot;focal_length&quot;:&quot;70&quot;,&quot;iso&quot;:&quot;100&quot;,&quot;shutter_speed&quot;:&quot;0.005&quot;,&quot;title&quot;:&quot;SONY DSC&quot;,&quot;orientation&quot;:&quot;1&quot;}\" data-image-title=\"SONY DSC\" data-image-description=\"\" data-image-caption=\"&lt;p&gt;SONY DSC&lt;\/p&gt;\n\" data-large-file=\"https:\/\/i0.wp.com\/campinggriffon.com\/wp-content\/uploads\/2021\/05\/DSC03964.jpg?fit=750%2C498&amp;ssl=1\" class=\"wp-block-cover__image-background wp-image-64985\" alt=\"\" src=\"https:\/\/i0.wp.com\/campinggriffon.com\/wp-content\/uploads\/2021\/05\/DSC03964.jpg?resize=750%2C498&#038;ssl=1\" style=\"object-position:50% 77%\" data-object-fit=\"cover\" data-object-position=\"50% 77%\" srcset=\"https:\/\/i0.wp.com\/campinggriffon.com\/wp-content\/uploads\/2021\/05\/DSC03964.jpg?w=4912&amp;ssl=1 4912w, https:\/\/i0.wp.com\/campinggriffon.com\/wp-content\/uploads\/2021\/05\/DSC03964.jpg?resize=300%2C199&amp;ssl=1 300w, https:\/\/i0.wp.com\/campinggriffon.com\/wp-content\/uploads\/2021\/05\/DSC03964.jpg?resize=1024%2C680&amp;ssl=1 1024w, https:\/\/i0.wp.com\/campinggriffon.com\/wp-content\/uploads\/2021\/05\/DSC03964.jpg?resize=768%2C510&amp;ssl=1 768w, https:\/\/i0.wp.com\/campinggriffon.com\/wp-content\/uploads\/2021\/05\/DSC03964.jpg?resize=1536%2C1021&amp;ssl=1 1536w, https:\/\/i0.wp.com\/campinggriffon.com\/wp-content\/uploads\/2021\/05\/DSC03964.jpg?resize=2048%2C1361&amp;ssl=1 2048w, https:\/\/i0.wp.com\/campinggriffon.com\/wp-content\/uploads\/2021\/05\/DSC03964.jpg?resize=1200%2C797&amp;ssl=1 1200w, https:\/\/i0.wp.com\/campinggriffon.com\/wp-content\/uploads\/2021\/05\/DSC03964.jpg?resize=1568%2C1042&amp;ssl=1 1568w, https:\/\/i0.wp.com\/campinggriffon.com\/wp-content\/uploads\/2021\/05\/DSC03964.jpg?w=2250&amp;ssl=1 2250w\" sizes=\"auto, (max-width: 750px) 100vw, 750px\" \/><span aria-hidden=\"true\" class=\"wp-block-cover__background has-primary-background-color has-background-dim-40 has-background-dim\"><\/span><div class=\"wp-block-cover__inner-container is-layout-flow wp-block-cover-is-layout-flow\">\n<h1 class=\"wp-block-heading\">Camping en bord de mer<\/h1>\n\n\n\n<p class=\"wp-block-paragraph\">Tout au bout de la p\u00e9ninsule gasp\u00e9sienne <\/p>\n\n\n\n<div class=\"wp-block-buttons is-horizontal is-content-justification-center is-layout-flex wp-container-core-buttons-is-layout-cbcdc57d wp-block-buttons-is-layout-flex\">\n<div class=\"wp-block-button\"><a class=\"wp-block-button__link has-background-color has-secondary-background-color has-text-color has-background wp-element-button\" href=\"https:\/\/campin.ca\/fr\/search\/campings\/camping-griffon\" target=\"_blank\" rel=\"noreferrer noopener\">R\u00e9servez maintenant<\/a><\/div>\n<\/div>\n<\/div><\/div>\n\n\n\n<div class=\"wp-block-group alignfull has-background-light-background-color has-background\"><div class=\"wp-block-group__inner-container is-layout-flow wp-block-group-is-layout-flow\">\n<div style=\"height:64px\" aria-hidden=\"true\" class=\"wp-block-spacer\"><\/div>\n\n\n\n<div class=\"wp-block-columns alignwide is-layout-flex wp-container-core-columns-is-layout-7387b849 wp-block-columns-is-layout-flex\">\n<div class=\"wp-block-column is-layout-flow wp-block-column-is-layout-flow\">\n<figure class=\"wp-block-image size-large\"><img data-recalc-dims=\"1\" loading=\"lazy\" decoding=\"async\" width=\"300\" height=\"260\" data-attachment-id=\"54425\" data-permalink=\"https:\/\/campinggriffon.com\/fr\/2016-07-06-15-30-01-2\/\" data-orig-file=\"https:\/\/i0.wp.com\/campinggriffon.com\/wp-content\/uploads\/2021\/04\/a49b5-2016-07-06-15.30.01.png?fit=300%2C260&amp;ssl=1\" data-orig-size=\"300,260\" data-comments-opened=\"1\" data-image-meta=\"{&quot;aperture&quot;:&quot;0&quot;,&quot;credit&quot;:&quot;&quot;,&quot;camera&quot;:&quot;&quot;,&quot;caption&quot;:&quot;&quot;,&quot;created_timestamp&quot;:&quot;0&quot;,&quot;copyright&quot;:&quot;&quot;,&quot;focal_length&quot;:&quot;0&quot;,&quot;iso&quot;:&quot;0&quot;,&quot;shutter_speed&quot;:&quot;0&quot;,&quot;title&quot;:&quot;&quot;,&quot;orientation&quot;:&quot;0&quot;}\" data-image-title=\"2016-07-06-15.30.01\" data-image-description=\"\" data-image-caption=\"\" data-large-file=\"https:\/\/i0.wp.com\/campinggriffon.com\/wp-content\/uploads\/2021\/04\/a49b5-2016-07-06-15.30.01.png?fit=300%2C260&amp;ssl=1\" src=\"https:\/\/i0.wp.com\/campinggriffon.com\/wp-content\/uploads\/2021\/04\/a49b5-2016-07-06-15.30.01.png?resize=300%2C260&#038;ssl=1\" alt=\"\" class=\"wp-image-54425\"\/><\/figure>\n\n\n\n<h4 class=\"wp-block-heading\">Notre camping<\/h4>\n\n\n\n<p class=\"wp-block-paragraph\">Les gens appr\u00e9cient les belles vues, la propret\u00e9 des lieux et notre acceuil personnalis\u00e9 .<\/p>\n<\/div>\n\n\n\n<div class=\"wp-block-column is-layout-flow wp-block-column-is-layout-flow\">\n<figure class=\"wp-block-image size-large\"><img data-recalc-dims=\"1\" loading=\"lazy\" decoding=\"async\" width=\"300\" height=\"260\" data-attachment-id=\"54428\" data-permalink=\"https:\/\/campinggriffon.com\/fr\/dsc03538-2-2-2\/\" data-orig-file=\"https:\/\/i0.wp.com\/campinggriffon.com\/wp-content\/uploads\/2021\/04\/d2c78-dsc03538.png?fit=300%2C260&amp;ssl=1\" data-orig-size=\"300,260\" data-comments-opened=\"1\" data-image-meta=\"{&quot;aperture&quot;:&quot;0&quot;,&quot;credit&quot;:&quot;&quot;,&quot;camera&quot;:&quot;&quot;,&quot;caption&quot;:&quot;&quot;,&quot;created_timestamp&quot;:&quot;0&quot;,&quot;copyright&quot;:&quot;&quot;,&quot;focal_length&quot;:&quot;0&quot;,&quot;iso&quot;:&quot;0&quot;,&quot;shutter_speed&quot;:&quot;0&quot;,&quot;title&quot;:&quot;&quot;,&quot;orientation&quot;:&quot;0&quot;}\" data-image-title=\"DSC03538\" data-image-description=\"\" data-image-caption=\"\" data-large-file=\"https:\/\/i0.wp.com\/campinggriffon.com\/wp-content\/uploads\/2021\/04\/d2c78-dsc03538.png?fit=300%2C260&amp;ssl=1\" src=\"https:\/\/i0.wp.com\/campinggriffon.com\/wp-content\/uploads\/2021\/04\/d2c78-dsc03538.png?resize=300%2C260&#038;ssl=1\" alt=\"\" class=\"wp-image-54428\"\/><\/figure>\n\n\n\n<h4 class=\"wp-block-heading\">Attraits locaux<\/h4>\n\n\n\n<p class=\"wp-block-paragraph\">Le parc national Forillon ainsi que plusieurs activit\u00e9s de la r\u00e9gion Gasp\u00e9-Forillon sont tout pr\u00e8s.<\/p>\n<\/div>\n\n\n\n<div class=\"wp-block-column is-layout-flow wp-block-column-is-layout-flow\">\n<figure class=\"wp-block-image size-large\"><img data-recalc-dims=\"1\" loading=\"lazy\" decoding=\"async\" width=\"300\" height=\"260\" data-attachment-id=\"54427\" data-permalink=\"https:\/\/campinggriffon.com\/fr\/famille-2\/\" data-orig-file=\"https:\/\/i0.wp.com\/campinggriffon.com\/wp-content\/uploads\/2021\/04\/6829e-famille.png?fit=300%2C260&amp;ssl=1\" data-orig-size=\"300,260\" data-comments-opened=\"1\" data-image-meta=\"{&quot;aperture&quot;:&quot;0&quot;,&quot;credit&quot;:&quot;&quot;,&quot;camera&quot;:&quot;&quot;,&quot;caption&quot;:&quot;&quot;,&quot;created_timestamp&quot;:&quot;0&quot;,&quot;copyright&quot;:&quot;&quot;,&quot;focal_length&quot;:&quot;0&quot;,&quot;iso&quot;:&quot;0&quot;,&quot;shutter_speed&quot;:&quot;0&quot;,&quot;title&quot;:&quot;&quot;,&quot;orientation&quot;:&quot;0&quot;}\" data-image-title=\"famille\" data-image-description=\"\" data-image-caption=\"\" data-large-file=\"https:\/\/i0.wp.com\/campinggriffon.com\/wp-content\/uploads\/2021\/04\/6829e-famille.png?fit=300%2C260&amp;ssl=1\" src=\"https:\/\/i0.wp.com\/campinggriffon.com\/wp-content\/uploads\/2021\/04\/6829e-famille.png?resize=300%2C260&#038;ssl=1\" alt=\"\" class=\"wp-image-54427\"\/><\/figure>\n\n\n\n<h4 class=\"wp-block-heading\">En famille<\/h4>\n\n\n\n<p class=\"wp-block-paragraph\">En op\u00e9ration depuis 1969 et 4 g\u00e9n\u00e9rations. Notre int\u00e9r\u00eat commun pour le voyage nous aide \u00e0 mieux vous servir.<\/p>\n<\/div>\n<\/div>\n\n\n\n<div style=\"height:64px\" aria-hidden=\"true\" class=\"wp-block-spacer desktop-only\"><\/div>\n<\/div><\/div>\n\n\n\n<div class=\"wp-block-group alignfull\"><div class=\"wp-block-group__inner-container is-layout-flow wp-block-group-is-layout-flow\">\n<div style=\"height:80px\" aria-hidden=\"true\" class=\"wp-block-spacer desktop-only\"><\/div>\n\n\n\n<div style=\"height:80px\" aria-hidden=\"true\" class=\"wp-block-spacer desktop-only\"><\/div>\n<\/div><\/div>\n\n\n\n<div class=\"wp-block-group alignfull has-foreground-background-color has-background\"><div class=\"wp-block-group__inner-container is-layout-flow wp-block-group-is-layout-flow\">\n<div style=\"height:64px\" aria-hidden=\"true\" class=\"wp-block-spacer\"><\/div>\n\n\n\n<div class=\"wp-block-columns alignwide is-layout-flex wp-container-core-columns-is-layout-7387b849 wp-block-columns-is-layout-flex\">\n<div class=\"wp-block-column is-layout-flow wp-block-column-is-layout-flow\">\n<h4 class=\"wp-block-heading has-background-color has-text-color\">Comment s&rsquo;y rendre<\/h4>\n\n\n\n<p class=\"has-background-color has-text-color wp-block-paragraph\">Nous sommes dans la p\u00e9ninsule de Forillon (\u00e0 L&rsquo;Anse-au-Griffon) \u00e0 30 minutes du centre-ville de Gasp\u00e9. 421 boulevard du Griffon, Gasp\u00e9 (QC) G4X 6A1<\/p>\n\n\n\n<p class=\"has-background-color has-text-color wp-block-paragraph\"><a href=\"https:\/\/campinggriffon.com\/fr\/comment-sy-rendre\/\">Les directions<\/a><\/p>\n\n\n\n<p class=\"wp-block-paragraph\"><\/p>\n<\/div>\n\n\n\n<div class=\"wp-block-column is-layout-flow wp-block-column-is-layout-flow\">\n<h4 class=\"wp-block-heading has-background-color has-text-color\">Pour nous rejoindre<\/h4>\n\n\n\n<ul class=\"wp-block-list has-background-color has-text-color\">\n<li>info@campinggriffon.com<\/li>\n\n\n\n<li>418 892-5938<\/li>\n\n\n\n<li><a href=\"https:\/\/www.facebook.com\/campinggriffon\">www.facebook.com\/campinggriffon<\/a><\/li>\n<\/ul>\n<\/div>\n\n\n\n<div class=\"wp-block-column is-layout-flow wp-block-column-is-layout-flow\">\n<h4 class=\"wp-block-heading has-background-color has-text-color\">Carte du site<\/h4>\n\n\n\n<figure class=\"wp-block-image size-large\"><img data-recalc-dims=\"1\" loading=\"lazy\" decoding=\"async\" width=\"750\" height=\"500\" data-attachment-id=\"65769\" data-permalink=\"https:\/\/campinggriffon.com\/fr\/plan-camping-2021-2\/\" data-orig-file=\"https:\/\/i0.wp.com\/campinggriffon.com\/wp-content\/uploads\/2021\/06\/plan-camping-2021.jpg?fit=859%2C573&amp;ssl=1\" data-orig-size=\"859,573\" data-comments-opened=\"0\" data-image-meta=\"{&quot;aperture&quot;:&quot;0&quot;,&quot;credit&quot;:&quot;&quot;,&quot;camera&quot;:&quot;&quot;,&quot;caption&quot;:&quot;&quot;,&quot;created_timestamp&quot;:&quot;0&quot;,&quot;copyright&quot;:&quot;&quot;,&quot;focal_length&quot;:&quot;0&quot;,&quot;iso&quot;:&quot;0&quot;,&quot;shutter_speed&quot;:&quot;0&quot;,&quot;title&quot;:&quot;&quot;,&quot;orientation&quot;:&quot;0&quot;}\" data-image-title=\"plan-camping-2021\" data-image-description=\"\" data-image-caption=\"\" data-large-file=\"https:\/\/i0.wp.com\/campinggriffon.com\/wp-content\/uploads\/2021\/06\/plan-camping-2021.jpg?fit=750%2C500&amp;ssl=1\" src=\"https:\/\/i0.wp.com\/campinggriffon.com\/wp-content\/uploads\/2021\/06\/plan-camping-2021.jpg?resize=750%2C500&#038;ssl=1\" alt=\"\" class=\"wp-image-65769\" srcset=\"https:\/\/i0.wp.com\/campinggriffon.com\/wp-content\/uploads\/2021\/06\/plan-camping-2021.jpg?w=859&amp;ssl=1 859w, https:\/\/i0.wp.com\/campinggriffon.com\/wp-content\/uploads\/2021\/06\/plan-camping-2021.jpg?resize=300%2C200&amp;ssl=1 300w, https:\/\/i0.wp.com\/campinggriffon.com\/wp-content\/uploads\/2021\/06\/plan-camping-2021.jpg?resize=768%2C512&amp;ssl=1 768w\" sizes=\"auto, (max-width: 750px) 100vw, 750px\" \/><\/figure>\n\n\n\n<p class=\"has-background-color has-text-color wp-block-paragraph\"><a href=\"https:\/\/campinggriffon.com\/fr\/carte-du-camping\/\">Carte par ici<\/a><\/p>\n<\/div>\n<\/div>\n\n\n\n<div style=\"height:64px\" aria-hidden=\"true\" class=\"wp-block-spacer desktop-only\"><\/div>\n<\/div><\/div>\n","protected":false},"excerpt":{"rendered":"<p>Notre camping Les gens appr\u00e9cient les belles vues, la propret\u00e9 des lieux et notre acceuil personnalis\u00e9 . Attraits locaux Le parc national Forillon ainsi que plusieurs activit\u00e9s de la r\u00e9gion Gasp\u00e9-Forillon sont tout pr\u00e8s. En famille En op\u00e9ration depuis 1969 et 4 g\u00e9n\u00e9rations. Notre int\u00e9r\u00eat commun pour le voyage nous aide \u00e0 mieux vous servir.<a class=\"more-link\" href=\"https:\/\/campinggriffon.com\/fr\/\">Lire la suite <\/a><\/p>\n","protected":false},"author":204434269,"featured_media":0,"parent":0,"menu_order":0,"comment_status":"closed","ping_status":"closed","template":"","meta":{"_coblocks_attr":"","_coblocks_dimensions":"","_coblocks_responsive_height":"","_coblocks_accordion_ie_support":"","_crdt_document":"","footnotes":""},"class_list":["post-64944","page","type-page","status-publish","hentry","entry"],"yoast_head":"<!-- This site is optimized with the Yoast SEO plugin v27.5 - https:\/\/yoast.com\/product\/yoast-seo-wordpress\/ -->\n<title>- Camping Griffon<\/title>\n<meta name=\"robots\" content=\"index, follow, max-snippet:-1, max-image-preview:large, max-video-preview:-1\" \/>\n<link rel=\"canonical\" href=\"https:\/\/campinggriffon.com\/fr\/\" \/>\n<meta property=\"og:locale\" content=\"fr_FR\" \/>\n<meta property=\"og:type\" content=\"article\" \/>\n<meta property=\"og:title\" content=\"- Camping Griffon\" \/>\n<meta property=\"og:description\" content=\"Notre camping Les gens appr\u00e9cient les belles vues, la propret\u00e9 des lieux et notre acceuil personnalis\u00e9 . Attraits locaux Le parc national Forillon ainsi que plusieurs activit\u00e9s de la r\u00e9gion Gasp\u00e9-Forillon sont tout pr\u00e8s. En famille En op\u00e9ration depuis 1969 et 4 g\u00e9n\u00e9rations. Notre int\u00e9r\u00eat commun pour le voyage nous aide \u00e0 mieux vous servir.Lire la suite\" \/>\n<meta property=\"og:url\" content=\"https:\/\/campinggriffon.com\/fr\/\" \/>\n<meta property=\"og:site_name\" content=\"Camping Griffon\" \/>\n<meta property=\"article:modified_time\" content=\"2026-01-03T19:38:03+00:00\" \/>\n<meta property=\"og:image\" content=\"https:\/\/campinggriffon.com\/wp-content\/uploads\/2021\/05\/DSC03964.jpg\" \/>\n<meta name=\"twitter:card\" content=\"summary_large_image\" \/>\n<meta name=\"twitter:label1\" content=\"Dur\u00e9e de lecture estim\u00e9e\" \/>\n\t<meta name=\"twitter:data1\" content=\"2 minutes\" \/>\n<script type=\"application\/ld+json\" class=\"yoast-schema-graph\">{\"@context\":\"https:\\\/\\\/schema.org\",\"@graph\":[{\"@type\":\"WebPage\",\"@id\":\"https:\\\/\\\/campinggriffon.com\\\/fr\\\/\",\"url\":\"https:\\\/\\\/campinggriffon.com\\\/fr\\\/\",\"name\":\"- Camping Griffon\",\"isPartOf\":{\"@id\":\"https:\\\/\\\/campinggriffon.com\\\/fr\\\/#website\"},\"primaryImageOfPage\":{\"@id\":\"https:\\\/\\\/campinggriffon.com\\\/fr\\\/#primaryimage\"},\"image\":{\"@id\":\"https:\\\/\\\/campinggriffon.com\\\/fr\\\/#primaryimage\"},\"thumbnailUrl\":\"https:\\\/\\\/campinggriffon.com\\\/wp-content\\\/uploads\\\/2021\\\/05\\\/DSC03964.jpg\",\"datePublished\":\"2021-05-15T15:14:04+00:00\",\"dateModified\":\"2026-01-03T19:38:03+00:00\",\"inLanguage\":\"fr-FR\",\"potentialAction\":[{\"@type\":\"ReadAction\",\"target\":[\"https:\\\/\\\/campinggriffon.com\\\/fr\\\/\"]}]},{\"@type\":\"ImageObject\",\"inLanguage\":\"fr-FR\",\"@id\":\"https:\\\/\\\/campinggriffon.com\\\/fr\\\/#primaryimage\",\"url\":\"https:\\\/\\\/campinggriffon.com\\\/wp-content\\\/uploads\\\/2021\\\/05\\\/DSC03964.jpg\",\"contentUrl\":\"https:\\\/\\\/campinggriffon.com\\\/wp-content\\\/uploads\\\/2021\\\/05\\\/DSC03964.jpg\"},{\"@type\":\"WebSite\",\"@id\":\"https:\\\/\\\/campinggriffon.com\\\/fr\\\/#website\",\"url\":\"https:\\\/\\\/campinggriffon.com\\\/fr\\\/\",\"name\":\"Camping Griffon\",\"description\":\"\",\"publisher\":{\"@id\":\"https:\\\/\\\/campinggriffon.com\\\/fr\\\/#organization\"},\"potentialAction\":[{\"@type\":\"SearchAction\",\"target\":{\"@type\":\"EntryPoint\",\"urlTemplate\":\"https:\\\/\\\/campinggriffon.com\\\/fr\\\/?s={search_term_string}\"},\"query-input\":{\"@type\":\"PropertyValueSpecification\",\"valueRequired\":true,\"valueName\":\"search_term_string\"}}],\"inLanguage\":\"fr-FR\"},{\"@type\":\"Organization\",\"@id\":\"https:\\\/\\\/campinggriffon.com\\\/fr\\\/#organization\",\"name\":\"Camping Griffon\",\"url\":\"https:\\\/\\\/campinggriffon.com\\\/fr\\\/\",\"logo\":{\"@type\":\"ImageObject\",\"inLanguage\":\"fr-FR\",\"@id\":\"https:\\\/\\\/campinggriffon.com\\\/fr\\\/#\\\/schema\\\/logo\\\/image\\\/\",\"url\":\"https:\\\/\\\/i0.wp.com\\\/campinggriffon.com\\\/wp-content\\\/uploads\\\/2024\\\/08\\\/cropped-logo-numero-enregistrement.png?fit=210%2C135&ssl=1\",\"contentUrl\":\"https:\\\/\\\/i0.wp.com\\\/campinggriffon.com\\\/wp-content\\\/uploads\\\/2024\\\/08\\\/cropped-logo-numero-enregistrement.png?fit=210%2C135&ssl=1\",\"width\":210,\"height\":135,\"caption\":\"Camping Griffon\"},\"image\":{\"@id\":\"https:\\\/\\\/campinggriffon.com\\\/fr\\\/#\\\/schema\\\/logo\\\/image\\\/\"}}]}<\/script>\n<!-- \/ Yoast SEO plugin. -->","yoast_head_json":{"title":"- Camping Griffon","robots":{"index":"index","follow":"follow","max-snippet":"max-snippet:-1","max-image-preview":"max-image-preview:large","max-video-preview":"max-video-preview:-1"},"canonical":"https:\/\/campinggriffon.com\/fr\/","og_locale":"fr_FR","og_type":"article","og_title":"- Camping Griffon","og_description":"Notre camping Les gens appr\u00e9cient les belles vues, la propret\u00e9 des lieux et notre acceuil personnalis\u00e9 . Attraits locaux Le parc national Forillon ainsi que plusieurs activit\u00e9s de la r\u00e9gion Gasp\u00e9-Forillon sont tout pr\u00e8s. En famille En op\u00e9ration depuis 1969 et 4 g\u00e9n\u00e9rations. Notre int\u00e9r\u00eat commun pour le voyage nous aide \u00e0 mieux vous servir.Lire la suite","og_url":"https:\/\/campinggriffon.com\/fr\/","og_site_name":"Camping Griffon","article_modified_time":"2026-01-03T19:38:03+00:00","og_image":[{"url":"https:\/\/campinggriffon.com\/wp-content\/uploads\/2021\/05\/DSC03964.jpg","type":"","width":"","height":""}],"twitter_card":"summary_large_image","twitter_misc":{"Dur\u00e9e de lecture estim\u00e9e":"2 minutes"},"schema":{"@context":"https:\/\/schema.org","@graph":[{"@type":"WebPage","@id":"https:\/\/campinggriffon.com\/fr\/","url":"https:\/\/campinggriffon.com\/fr\/","name":"- Camping Griffon","isPartOf":{"@id":"https:\/\/campinggriffon.com\/fr\/#website"},"primaryImageOfPage":{"@id":"https:\/\/campinggriffon.com\/fr\/#primaryimage"},"image":{"@id":"https:\/\/campinggriffon.com\/fr\/#primaryimage"},"thumbnailUrl":"https:\/\/campinggriffon.com\/wp-content\/uploads\/2021\/05\/DSC03964.jpg","datePublished":"2021-05-15T15:14:04+00:00","dateModified":"2026-01-03T19:38:03+00:00","inLanguage":"fr-FR","potentialAction":[{"@type":"ReadAction","target":["https:\/\/campinggriffon.com\/fr\/"]}]},{"@type":"ImageObject","inLanguage":"fr-FR","@id":"https:\/\/campinggriffon.com\/fr\/#primaryimage","url":"https:\/\/campinggriffon.com\/wp-content\/uploads\/2021\/05\/DSC03964.jpg","contentUrl":"https:\/\/campinggriffon.com\/wp-content\/uploads\/2021\/05\/DSC03964.jpg"},{"@type":"WebSite","@id":"https:\/\/campinggriffon.com\/fr\/#website","url":"https:\/\/campinggriffon.com\/fr\/","name":"Camping Griffon","description":"","publisher":{"@id":"https:\/\/campinggriffon.com\/fr\/#organization"},"potentialAction":[{"@type":"SearchAction","target":{"@type":"EntryPoint","urlTemplate":"https:\/\/campinggriffon.com\/fr\/?s={search_term_string}"},"query-input":{"@type":"PropertyValueSpecification","valueRequired":true,"valueName":"search_term_string"}}],"inLanguage":"fr-FR"},{"@type":"Organization","@id":"https:\/\/campinggriffon.com\/fr\/#organization","name":"Camping Griffon","url":"https:\/\/campinggriffon.com\/fr\/","logo":{"@type":"ImageObject","inLanguage":"fr-FR","@id":"https:\/\/campinggriffon.com\/fr\/#\/schema\/logo\/image\/","url":"https:\/\/i0.wp.com\/campinggriffon.com\/wp-content\/uploads\/2024\/08\/cropped-logo-numero-enregistrement.png?fit=210%2C135&ssl=1","contentUrl":"https:\/\/i0.wp.com\/campinggriffon.com\/wp-content\/uploads\/2024\/08\/cropped-logo-numero-enregistrement.png?fit=210%2C135&ssl=1","width":210,"height":135,"caption":"Camping Griffon"},"image":{"@id":"https:\/\/campinggriffon.com\/fr\/#\/schema\/logo\/image\/"}}]}},"jetpack_likes_enabled":true,"jetpack_sharing_enabled":true,"jetpack_shortlink":"https:\/\/wp.me\/PcXO90-gTu","amp_enabled":true,"_links":{"self":[{"href":"https:\/\/campinggriffon.com\/fr\/wp-json\/wp\/v2\/pages\/64944","targetHints":{"allow":["GET"]}}],"collection":[{"href":"https:\/\/campinggriffon.com\/fr\/wp-json\/wp\/v2\/pages"}],"about":[{"href":"https:\/\/campinggriffon.com\/fr\/wp-json\/wp\/v2\/types\/page"}],"author":[{"embeddable":true,"href":"https:\/\/campinggriffon.com\/fr\/wp-json\/wp\/v2\/users\/204434269"}],"replies":[{"embeddable":true,"href":"https:\/\/campinggriffon.com\/fr\/wp-json\/wp\/v2\/comments?post=64944"}],"version-history":[{"count":19,"href":"https:\/\/campinggriffon.com\/fr\/wp-json\/wp\/v2\/pages\/64944\/revisions"}],"predecessor-version":[{"id":75107,"href":"https:\/\/campinggriffon.com\/fr\/wp-json\/wp\/v2\/pages\/64944\/revisions\/75107"}],"wp:attachment":[{"href":"https:\/\/campinggriffon.com\/fr\/wp-json\/wp\/v2\/media?parent=64944"}],"curies":[{"name":"wp","href":"https:\/\/api.w.org\/{rel}","templated":true}]}}