{"id":65049,"date":"2021-05-12T13:34:14","date_gmt":"2021-05-12T17:34:14","guid":{"rendered":"https:\/\/campinggriffon.com\/a-notre-sujet\/"},"modified":"2026-01-03T13:19:41","modified_gmt":"2026-01-03T18:19:41","slug":"a-notre-sujet","status":"publish","type":"page","link":"https:\/\/campinggriffon.com\/fr\/a-notre-sujet\/","title":{"rendered":"\u00c0 notre sujet"},"content":{"rendered":"\n<p class=\"has-text-align-left wp-block-paragraph\">Depuis 1969 et 4 g\u00e9n\u00e9rations, nous vous accueillons dans notre emplacement au bord de mer. <\/p>\n\n\n\n<p class=\"has-text-align-left wp-block-paragraph\">Les gens qui recherchent un camping avec une ambiance tranquille sont les bienvenus. Les chiens qui se comportent bien sont admis avec plaisir. La m\u00eame r\u00e8gle s&rsquo;applique aux humains! \ud83d\ude42  <\/p>\n\n\n\n<p class=\"wp-block-paragraph\">Nous serons votre endroit paisible pour terminer une journ\u00e9e bien remplie dans la r\u00e9gion de Gasp\u00e9-Forillon. <\/p>\n\n\n\n<p class=\"wp-block-paragraph\">Nous offrons : <\/p>\n\n\n\n<ul class=\"wp-block-list\">\n<li>wifi<\/li>\n\n\n\n<li>douches ($) <\/li>\n\n\n\n<li>salles de bain<\/li>\n\n\n\n<li>buanderie ($)<\/li>\n\n\n\n<li>acc\u00e8s au rivage (escalier de 75 marches)<\/li>\n\n\n\n<li>aire de jeux (structures pour enfants, fer \u00e0 cheval, p\u00e9tanque, jeu de palets)<\/li>\n\n\n\n<li>abri chauff\u00e9 avec bbq, micro-ondes, \u00e9vier avec eau chaude<\/li>\n\n\n\n<li> espaces communs \u00e0 flanc de falaise avec vue imprenable (hamacs et chaises)<\/li>\n\n\n\n<li>sites avec ou sans services<\/li>\n\n\n\n<li>sites \u00e0 entr\u00e9e directe<\/li>\n\n\n\n<li>plate-formes pour tentes en for\u00eat avec une grande intimit\u00e9<\/li>\n\n\n\n<li>bois pour feux de camp, glace et autres articles en vente \u00e0 la r\u00e9ception<\/li>\n\n\n\n<li>petits sentiers de promenade au bord du ruisseau<\/li>\n<\/ul>\n\n\n\n<figure class=\"wp-block-gallery has-nested-images columns-default is-cropped wp-block-gallery-1 is-layout-flex wp-block-gallery-is-layout-flex\">\n<figure class=\"wp-block-image size-large\"><img data-recalc-dims=\"1\" loading=\"lazy\" decoding=\"async\" width=\"750\" height=\"563\" data-id=\"65803\" src=\"https:\/\/i0.wp.com\/campinggriffon.com\/wp-content\/uploads\/2021\/06\/2021-06-08-04.40.27-3.jpg?resize=750%2C563&#038;ssl=1\" alt=\"\" class=\"wp-image-65803\" srcset=\"https:\/\/i0.wp.com\/campinggriffon.com\/wp-content\/uploads\/2021\/06\/2021-06-08-04.40.27-3.jpg?w=800&amp;ssl=1 800w, https:\/\/i0.wp.com\/campinggriffon.com\/wp-content\/uploads\/2021\/06\/2021-06-08-04.40.27-3.jpg?resize=300%2C225&amp;ssl=1 300w, https:\/\/i0.wp.com\/campinggriffon.com\/wp-content\/uploads\/2021\/06\/2021-06-08-04.40.27-3.jpg?resize=768%2C576&amp;ssl=1 768w, https:\/\/i0.wp.com\/campinggriffon.com\/wp-content\/uploads\/2021\/06\/2021-06-08-04.40.27-3.jpg?resize=400%2C300&amp;ssl=1 400w, https:\/\/i0.wp.com\/campinggriffon.com\/wp-content\/uploads\/2021\/06\/2021-06-08-04.40.27-3.jpg?resize=200%2C150&amp;ssl=1 200w\" sizes=\"auto, (max-width: 750px) 100vw, 750px\" \/><\/figure>\n\n\n\n<figure class=\"wp-block-image size-large\"><img data-recalc-dims=\"1\" loading=\"lazy\" decoding=\"async\" width=\"750\" height=\"563\" data-id=\"65806\" src=\"https:\/\/i0.wp.com\/campinggriffon.com\/wp-content\/uploads\/2021\/06\/GOPR0145_P.jpg?resize=750%2C563&#038;ssl=1\" alt=\"\" class=\"wp-image-65806\" srcset=\"https:\/\/i0.wp.com\/campinggriffon.com\/wp-content\/uploads\/2021\/06\/GOPR0145_P.jpg?w=800&amp;ssl=1 800w, https:\/\/i0.wp.com\/campinggriffon.com\/wp-content\/uploads\/2021\/06\/GOPR0145_P.jpg?resize=300%2C225&amp;ssl=1 300w, https:\/\/i0.wp.com\/campinggriffon.com\/wp-content\/uploads\/2021\/06\/GOPR0145_P.jpg?resize=768%2C576&amp;ssl=1 768w, https:\/\/i0.wp.com\/campinggriffon.com\/wp-content\/uploads\/2021\/06\/GOPR0145_P.jpg?resize=400%2C300&amp;ssl=1 400w, https:\/\/i0.wp.com\/campinggriffon.com\/wp-content\/uploads\/2021\/06\/GOPR0145_P.jpg?resize=200%2C150&amp;ssl=1 200w\" sizes=\"auto, (max-width: 750px) 100vw, 750px\" \/><\/figure>\n<\/figure>\n\n\n\n<div style=\"height:32px\" aria-hidden=\"true\" class=\"wp-block-spacer desktop-only\"><\/div>\n\n\n\n<h3 class=\"wp-block-heading has-text-align-center\">Ce qu&rsquo;en disent les gens<\/h3>\n\n\n\n<div class=\"wp-block-columns alignwide has-3-columns is-layout-flex wp-container-core-columns-is-layout-7387b849 wp-block-columns-is-layout-flex\">\n<div class=\"wp-block-column is-layout-flow wp-block-column-is-layout-flow\">\n<blockquote class=\"wp-block-quote is-layout-flow wp-block-quote-is-layout-flow\">\n\n<p class=\"wp-block-paragraph\">Lisez les avis Google<\/p>\n\n<cite><a href=\"https:\/\/www.google.com\/search?q=Camping+Griffon&amp;ludocid=8296460145255453121#lrd=0x0:0x7322f28bab2311c1,1\" target=\"_blank\" rel=\"noreferrer noopener\"><a href=\"https:\/\/www.google.com\/search?q=Camping+Griffon&amp;ludocid=8296460145255453121#lrd=0x0:0x7322f28bab2311c1,1\" target=\"_blank\" rel=\"noreferrer noopener\">suivez ce lien<\/a><\/a><\/cite><\/blockquote>\n<\/div>\n\n\n\n<div class=\"wp-block-column is-layout-flow wp-block-column-is-layout-flow\">\n<blockquote class=\"wp-block-quote is-layout-flow wp-block-quote-is-layout-flow\">\n\n<p class=\"wp-block-paragraph\">Lisez les avis Facebook<\/p>\n\n<cite><a href=\"https:\/\/www.facebook.com\/campingengaspesie\"><a href=\"https:\/\/www.facebook.com\/campingengaspesie\">suivez ce lien<\/a><\/a><\/cite><\/blockquote>\n<\/div>\n\n\n\n<div class=\"wp-block-column is-layout-flow wp-block-column-is-layout-flow\">\n<blockquote class=\"wp-block-quote is-layout-flow wp-block-quote-is-layout-flow\">\n\n<p class=\"wp-block-paragraph\">Lisez les avis TripAdvisor<\/p>\n\n<cite><a href=\"https:\/\/www.tripadvisor.ca\/Hotel_Review-g494965-d7100133-Reviews-Camping_Griffon-Gaspe_Gaspesie_Region_Quebec.html\"><a href=\"https:\/\/www.tripadvisor.ca\/Hotel_Review-g494965-d7100133-Reviews-Camping_Griffon-Gaspe_Gaspesie_Region_Quebec.html\">suivez ce lien<\/a><\/a><\/cite><\/blockquote>\n<\/div>\n<\/div>\n\n\n\n<div style=\"height:32px\" aria-hidden=\"true\" class=\"wp-block-spacer desktop-only\"><\/div>\n\n\n\n<hr class=\"wp-block-separator has-css-opacity is-style-wide\"\/>\n\n\n\n<div style=\"height:32px\" aria-hidden=\"true\" class=\"wp-block-spacer desktop-only\"><\/div>\n\n\n\n<h2 class=\"wp-block-heading has-text-align-center has-text-align-left\">Laissez-nous \u00eatre vos h\u00f4tes!<\/h2>\n\n\n\n<div class=\"wp-block-button\"><a class=\"wp-block-button__link wp-element-button\" href=\"https:\/\/secure.reservationcamping.ca\/cgi-bin\/reservation.cgi?camping_id=934bdb86f8d56240282c75f267\" target=\"_blank\" rel=\"noreferrer noopener\">V\u00e9rifiez la disponibilit\u00e9<\/a><\/div>\n\n\n\n<div style=\"height:32px\" aria-hidden=\"true\" class=\"wp-block-spacer desktop-only\"><\/div>\n\n\n\n<hr class=\"wp-block-separator has-css-opacity is-style-wide\"\/>\n\n\n\n<div style=\"height:32px\" aria-hidden=\"true\" class=\"wp-block-spacer\"><\/div>\n","protected":false},"excerpt":{"rendered":"<p>Depuis 1969 et 4 g\u00e9n\u00e9rations, nous vous accueillons dans notre emplacement au bord de mer. Les gens qui recherchent un camping avec une ambiance tranquille sont les bienvenus. Les chiens qui se comportent bien sont admis avec plaisir. La m\u00eame r\u00e8gle s&rsquo;applique aux humains! \ud83d\ude42 Nous serons votre endroit paisible pour terminer une journ\u00e9e bien<a class=\"more-link\" href=\"https:\/\/campinggriffon.com\/fr\/a-notre-sujet\/\">Lire la suite <span class=\"screen-reader-text\">\u00ab\u00a0\u00c0 notre sujet\u00a0\u00bb<\/span><\/a><\/p>\n","protected":false},"author":204434269,"featured_media":0,"parent":0,"menu_order":1,"comment_status":"closed","ping_status":"closed","template":"","meta":{"_coblocks_attr":"","_coblocks_dimensions":"","_coblocks_responsive_height":"","_coblocks_accordion_ie_support":"","_crdt_document":"","footnotes":""},"class_list":["post-65049","page","type-page","status-publish","hentry","entry"],"yoast_head":"<!-- This site is optimized with the Yoast SEO plugin v27.4 - https:\/\/yoast.com\/product\/yoast-seo-wordpress\/ -->\n<title>\u00c0 notre sujet - Camping Griffon<\/title>\n<meta name=\"robots\" content=\"index, follow, max-snippet:-1, max-image-preview:large, max-video-preview:-1\" \/>\n<link rel=\"canonical\" href=\"https:\/\/campinggriffon.com\/fr\/a-notre-sujet\/\" \/>\n<meta property=\"og:locale\" content=\"fr_FR\" \/>\n<meta property=\"og:type\" content=\"article\" \/>\n<meta property=\"og:title\" content=\"\u00c0 notre sujet - Camping Griffon\" \/>\n<meta property=\"og:description\" content=\"Depuis 1969 et 4 g\u00e9n\u00e9rations, nous vous accueillons dans notre emplacement au bord de mer. Les gens qui recherchent un camping avec une ambiance tranquille sont les bienvenus. Les chiens qui se comportent bien sont admis avec plaisir. La m\u00eame r\u00e8gle s&rsquo;applique aux humains! \ud83d\ude42 Nous serons votre endroit paisible pour terminer une journ\u00e9e bienLire la suite &quot;\u00c0 notre sujet&quot;\" \/>\n<meta property=\"og:url\" content=\"https:\/\/campinggriffon.com\/fr\/a-notre-sujet\/\" \/>\n<meta property=\"og:site_name\" content=\"Camping Griffon\" \/>\n<meta property=\"article:modified_time\" content=\"2026-01-03T18:19:41+00:00\" \/>\n<meta property=\"og:image\" content=\"https:\/\/campinggriffon.com\/wp-content\/uploads\/2021\/06\/2021-06-08-04.40.27-3.jpg\" \/>\n<meta name=\"twitter:card\" content=\"summary_large_image\" \/>\n<meta name=\"twitter:label1\" content=\"Dur\u00e9e de lecture estim\u00e9e\" \/>\n\t<meta name=\"twitter:data1\" content=\"2 minutes\" \/>\n<script type=\"application\/ld+json\" class=\"yoast-schema-graph\">{\"@context\":\"https:\\\/\\\/schema.org\",\"@graph\":[{\"@type\":\"WebPage\",\"@id\":\"https:\\\/\\\/campinggriffon.com\\\/fr\\\/a-notre-sujet\\\/\",\"url\":\"https:\\\/\\\/campinggriffon.com\\\/fr\\\/a-notre-sujet\\\/\",\"name\":\"\u00c0 notre sujet - Camping Griffon\",\"isPartOf\":{\"@id\":\"https:\\\/\\\/campinggriffon.com\\\/fr\\\/#website\"},\"primaryImageOfPage\":{\"@id\":\"https:\\\/\\\/campinggriffon.com\\\/fr\\\/a-notre-sujet\\\/#primaryimage\"},\"image\":{\"@id\":\"https:\\\/\\\/campinggriffon.com\\\/fr\\\/a-notre-sujet\\\/#primaryimage\"},\"thumbnailUrl\":\"https:\\\/\\\/campinggriffon.com\\\/wp-content\\\/uploads\\\/2021\\\/06\\\/2021-06-08-04.40.27-3.jpg\",\"datePublished\":\"2021-05-12T17:34:14+00:00\",\"dateModified\":\"2026-01-03T18:19:41+00:00\",\"breadcrumb\":{\"@id\":\"https:\\\/\\\/campinggriffon.com\\\/fr\\\/a-notre-sujet\\\/#breadcrumb\"},\"inLanguage\":\"fr-FR\",\"potentialAction\":[{\"@type\":\"ReadAction\",\"target\":[\"https:\\\/\\\/campinggriffon.com\\\/fr\\\/a-notre-sujet\\\/\"]}]},{\"@type\":\"ImageObject\",\"inLanguage\":\"fr-FR\",\"@id\":\"https:\\\/\\\/campinggriffon.com\\\/fr\\\/a-notre-sujet\\\/#primaryimage\",\"url\":\"https:\\\/\\\/campinggriffon.com\\\/wp-content\\\/uploads\\\/2021\\\/06\\\/2021-06-08-04.40.27-3.jpg\",\"contentUrl\":\"https:\\\/\\\/campinggriffon.com\\\/wp-content\\\/uploads\\\/2021\\\/06\\\/2021-06-08-04.40.27-3.jpg\"},{\"@type\":\"BreadcrumbList\",\"@id\":\"https:\\\/\\\/campinggriffon.com\\\/fr\\\/a-notre-sujet\\\/#breadcrumb\",\"itemListElement\":[{\"@type\":\"ListItem\",\"position\":1,\"name\":\"Home\",\"item\":\"https:\\\/\\\/campinggriffon.com\\\/fr\\\/\"},{\"@type\":\"ListItem\",\"position\":2,\"name\":\"\u00c0 notre sujet\"}]},{\"@type\":\"WebSite\",\"@id\":\"https:\\\/\\\/campinggriffon.com\\\/fr\\\/#website\",\"url\":\"https:\\\/\\\/campinggriffon.com\\\/fr\\\/\",\"name\":\"Camping Griffon\",\"description\":\"\",\"publisher\":{\"@id\":\"https:\\\/\\\/campinggriffon.com\\\/fr\\\/#organization\"},\"potentialAction\":[{\"@type\":\"SearchAction\",\"target\":{\"@type\":\"EntryPoint\",\"urlTemplate\":\"https:\\\/\\\/campinggriffon.com\\\/fr\\\/?s={search_term_string}\"},\"query-input\":{\"@type\":\"PropertyValueSpecification\",\"valueRequired\":true,\"valueName\":\"search_term_string\"}}],\"inLanguage\":\"fr-FR\"},{\"@type\":\"Organization\",\"@id\":\"https:\\\/\\\/campinggriffon.com\\\/fr\\\/#organization\",\"name\":\"Camping Griffon\",\"url\":\"https:\\\/\\\/campinggriffon.com\\\/fr\\\/\",\"logo\":{\"@type\":\"ImageObject\",\"inLanguage\":\"fr-FR\",\"@id\":\"https:\\\/\\\/campinggriffon.com\\\/fr\\\/#\\\/schema\\\/logo\\\/image\\\/\",\"url\":\"https:\\\/\\\/i0.wp.com\\\/campinggriffon.com\\\/wp-content\\\/uploads\\\/2024\\\/08\\\/cropped-logo-numero-enregistrement.png?fit=210%2C135&ssl=1\",\"contentUrl\":\"https:\\\/\\\/i0.wp.com\\\/campinggriffon.com\\\/wp-content\\\/uploads\\\/2024\\\/08\\\/cropped-logo-numero-enregistrement.png?fit=210%2C135&ssl=1\",\"width\":210,\"height\":135,\"caption\":\"Camping Griffon\"},\"image\":{\"@id\":\"https:\\\/\\\/campinggriffon.com\\\/fr\\\/#\\\/schema\\\/logo\\\/image\\\/\"}}]}<\/script>\n<!-- \/ Yoast SEO plugin. -->","yoast_head_json":{"title":"\u00c0 notre sujet - Camping Griffon","robots":{"index":"index","follow":"follow","max-snippet":"max-snippet:-1","max-image-preview":"max-image-preview:large","max-video-preview":"max-video-preview:-1"},"canonical":"https:\/\/campinggriffon.com\/fr\/a-notre-sujet\/","og_locale":"fr_FR","og_type":"article","og_title":"\u00c0 notre sujet - Camping Griffon","og_description":"Depuis 1969 et 4 g\u00e9n\u00e9rations, nous vous accueillons dans notre emplacement au bord de mer. Les gens qui recherchent un camping avec une ambiance tranquille sont les bienvenus. Les chiens qui se comportent bien sont admis avec plaisir. La m\u00eame r\u00e8gle s&rsquo;applique aux humains! \ud83d\ude42 Nous serons votre endroit paisible pour terminer une journ\u00e9e bienLire la suite \"\u00c0 notre sujet\"","og_url":"https:\/\/campinggriffon.com\/fr\/a-notre-sujet\/","og_site_name":"Camping Griffon","article_modified_time":"2026-01-03T18:19:41+00:00","og_image":[{"url":"https:\/\/campinggriffon.com\/wp-content\/uploads\/2021\/06\/2021-06-08-04.40.27-3.jpg","type":"","width":"","height":""}],"twitter_card":"summary_large_image","twitter_misc":{"Dur\u00e9e de lecture estim\u00e9e":"2 minutes"},"schema":{"@context":"https:\/\/schema.org","@graph":[{"@type":"WebPage","@id":"https:\/\/campinggriffon.com\/fr\/a-notre-sujet\/","url":"https:\/\/campinggriffon.com\/fr\/a-notre-sujet\/","name":"\u00c0 notre sujet - Camping Griffon","isPartOf":{"@id":"https:\/\/campinggriffon.com\/fr\/#website"},"primaryImageOfPage":{"@id":"https:\/\/campinggriffon.com\/fr\/a-notre-sujet\/#primaryimage"},"image":{"@id":"https:\/\/campinggriffon.com\/fr\/a-notre-sujet\/#primaryimage"},"thumbnailUrl":"https:\/\/campinggriffon.com\/wp-content\/uploads\/2021\/06\/2021-06-08-04.40.27-3.jpg","datePublished":"2021-05-12T17:34:14+00:00","dateModified":"2026-01-03T18:19:41+00:00","breadcrumb":{"@id":"https:\/\/campinggriffon.com\/fr\/a-notre-sujet\/#breadcrumb"},"inLanguage":"fr-FR","potentialAction":[{"@type":"ReadAction","target":["https:\/\/campinggriffon.com\/fr\/a-notre-sujet\/"]}]},{"@type":"ImageObject","inLanguage":"fr-FR","@id":"https:\/\/campinggriffon.com\/fr\/a-notre-sujet\/#primaryimage","url":"https:\/\/campinggriffon.com\/wp-content\/uploads\/2021\/06\/2021-06-08-04.40.27-3.jpg","contentUrl":"https:\/\/campinggriffon.com\/wp-content\/uploads\/2021\/06\/2021-06-08-04.40.27-3.jpg"},{"@type":"BreadcrumbList","@id":"https:\/\/campinggriffon.com\/fr\/a-notre-sujet\/#breadcrumb","itemListElement":[{"@type":"ListItem","position":1,"name":"Home","item":"https:\/\/campinggriffon.com\/fr\/"},{"@type":"ListItem","position":2,"name":"\u00c0 notre sujet"}]},{"@type":"WebSite","@id":"https:\/\/campinggriffon.com\/fr\/#website","url":"https:\/\/campinggriffon.com\/fr\/","name":"Camping Griffon","description":"","publisher":{"@id":"https:\/\/campinggriffon.com\/fr\/#organization"},"potentialAction":[{"@type":"SearchAction","target":{"@type":"EntryPoint","urlTemplate":"https:\/\/campinggriffon.com\/fr\/?s={search_term_string}"},"query-input":{"@type":"PropertyValueSpecification","valueRequired":true,"valueName":"search_term_string"}}],"inLanguage":"fr-FR"},{"@type":"Organization","@id":"https:\/\/campinggriffon.com\/fr\/#organization","name":"Camping Griffon","url":"https:\/\/campinggriffon.com\/fr\/","logo":{"@type":"ImageObject","inLanguage":"fr-FR","@id":"https:\/\/campinggriffon.com\/fr\/#\/schema\/logo\/image\/","url":"https:\/\/i0.wp.com\/campinggriffon.com\/wp-content\/uploads\/2024\/08\/cropped-logo-numero-enregistrement.png?fit=210%2C135&ssl=1","contentUrl":"https:\/\/i0.wp.com\/campinggriffon.com\/wp-content\/uploads\/2024\/08\/cropped-logo-numero-enregistrement.png?fit=210%2C135&ssl=1","width":210,"height":135,"caption":"Camping Griffon"},"image":{"@id":"https:\/\/campinggriffon.com\/fr\/#\/schema\/logo\/image\/"}}]}},"jetpack_likes_enabled":true,"jetpack_sharing_enabled":true,"jetpack_shortlink":"https:\/\/wp.me\/PcXO90-gVb","amp_enabled":true,"_links":{"self":[{"href":"https:\/\/campinggriffon.com\/fr\/wp-json\/wp\/v2\/pages\/65049","targetHints":{"allow":["GET"]}}],"collection":[{"href":"https:\/\/campinggriffon.com\/fr\/wp-json\/wp\/v2\/pages"}],"about":[{"href":"https:\/\/campinggriffon.com\/fr\/wp-json\/wp\/v2\/types\/page"}],"author":[{"embeddable":true,"href":"https:\/\/campinggriffon.com\/fr\/wp-json\/wp\/v2\/users\/204434269"}],"replies":[{"embeddable":true,"href":"https:\/\/campinggriffon.com\/fr\/wp-json\/wp\/v2\/comments?post=65049"}],"version-history":[{"count":16,"href":"https:\/\/campinggriffon.com\/fr\/wp-json\/wp\/v2\/pages\/65049\/revisions"}],"predecessor-version":[{"id":75097,"href":"https:\/\/campinggriffon.com\/fr\/wp-json\/wp\/v2\/pages\/65049\/revisions\/75097"}],"wp:attachment":[{"href":"https:\/\/campinggriffon.com\/fr\/wp-json\/wp\/v2\/media?parent=65049"}],"curies":[{"name":"wp","href":"https:\/\/api.w.org\/{rel}","templated":true}]}}