{"id":65052,"date":"2021-05-12T13:40:39","date_gmt":"2021-05-12T17:40:39","guid":{"rendered":"https:\/\/campinggriffon.com\/comment-sy-rendre\/"},"modified":"2023-01-11T16:39:03","modified_gmt":"2023-01-11T21:39:03","slug":"comment-sy-rendre","status":"publish","type":"page","link":"https:\/\/campinggriffon.com\/fr\/comment-sy-rendre\/","title":{"rendered":"Comment s&rsquo;y rendre"},"content":{"rendered":"\n<div class=\"entry-content\"><p><iframe loading=\"lazy\" src=\"https:\/\/www.google.com\/maps\/d\/embed?mid=1_QcPUlVs9EycmD01eHMMUQ4HQmU\" width=\"640\" height=\"480\"><\/iframe><\/p>\n<h2>Vous arrivez par le nord de la p\u00e9ninsule (via Matane)?<\/h2>\n<p>Le camping se trouve sur la route 132 (boulevard Griffon) \u00e0 l&rsquo;entr\u00e9e du village de l&rsquo;Anse-au-Griffon en sortant de Rivi\u00e8re-au-Renard. \u00c0 Rivi\u00e8re-au-Renard, portez attention, il faut tourner \u00e0 gauche pour rester sur la 132. Si vous suivez simplement la route, elle devient la 197 et vous vous dirigerez dans la mauvaise direction.<\/p>\n<h2>Vous arrivez par le sud (via Perc\u00e9)?<\/h2>\n<p>L&rsquo;itin\u00e9raire le plus rapide apr\u00e8s avoir pass\u00e9 le centre-ville de Gasp\u00e9 est de suivre la 197, d&rsquo;atteindre Rivi\u00e8re-au-Renard et de tourner \u00e0 droite \u00e0 la 132.<\/p><p>Rester sur la 132 sera plus pittoresque et vous am\u00e8nera \u00e0 la p\u00e9ninsule de Forillon, ainsi qu&rsquo;aux villages de Cap-des-Rosiers et d&rsquo;Anse-au-Griffon. Vous trouverez le camping \u00e0 3 km du centre de l&rsquo;Anse-au-Griffon (o\u00f9 se trouve le port). <\/p><\/div>\n","protected":false},"excerpt":{"rendered":"<p>Vous arrivez par le nord de la p\u00e9ninsule (via Matane)? Le camping se trouve sur la route 132 (boulevard Griffon) \u00e0 l&rsquo;entr\u00e9e du village de l&rsquo;Anse-au-Griffon en sortant de Rivi\u00e8re-au-Renard. \u00c0 Rivi\u00e8re-au-Renard, portez attention, il faut tourner \u00e0 gauche pour rester sur la 132. Si vous suivez simplement la route, elle devient la 197 et<a class=\"more-link\" href=\"https:\/\/campinggriffon.com\/fr\/comment-sy-rendre\/\">Lire la suite <span class=\"screen-reader-text\">\u00ab\u00a0Comment s&rsquo;y rendre\u00a0\u00bb<\/span><\/a><\/p>\n","protected":false},"author":204434269,"featured_media":0,"parent":0,"menu_order":0,"comment_status":"closed","ping_status":"closed","template":"","meta":{"_coblocks_attr":"","_coblocks_dimensions":"","_coblocks_responsive_height":"","_coblocks_accordion_ie_support":"","_crdt_document":"","footnotes":""},"class_list":["post-65052","page","type-page","status-publish","hentry","entry"],"yoast_head":"<!-- This site is optimized with the Yoast SEO plugin v27.5 - https:\/\/yoast.com\/product\/yoast-seo-wordpress\/ -->\n<title>Comment s&#039;y rendre - Camping Griffon<\/title>\n<meta name=\"robots\" content=\"index, follow, max-snippet:-1, max-image-preview:large, max-video-preview:-1\" \/>\n<link rel=\"canonical\" href=\"https:\/\/campinggriffon.com\/fr\/comment-sy-rendre\/\" \/>\n<meta property=\"og:locale\" content=\"fr_FR\" \/>\n<meta property=\"og:type\" content=\"article\" \/>\n<meta property=\"og:title\" content=\"Comment s&#039;y rendre - Camping Griffon\" \/>\n<meta property=\"og:description\" content=\"Vous arrivez par le nord de la p\u00e9ninsule (via Matane)? Le camping se trouve sur la route 132 (boulevard Griffon) \u00e0 l&rsquo;entr\u00e9e du village de l&rsquo;Anse-au-Griffon en sortant de Rivi\u00e8re-au-Renard. \u00c0 Rivi\u00e8re-au-Renard, portez attention, il faut tourner \u00e0 gauche pour rester sur la 132. Si vous suivez simplement la route, elle devient la 197 etLire la suite &quot;Comment s&rsquo;y rendre&quot;\" \/>\n<meta property=\"og:url\" content=\"https:\/\/campinggriffon.com\/fr\/comment-sy-rendre\/\" \/>\n<meta property=\"og:site_name\" content=\"Camping Griffon\" \/>\n<meta property=\"article:modified_time\" content=\"2023-01-11T21:39:03+00:00\" \/>\n<meta name=\"twitter:card\" content=\"summary_large_image\" \/>\n<meta name=\"twitter:label1\" content=\"Dur\u00e9e de lecture estim\u00e9e\" \/>\n\t<meta name=\"twitter:data1\" content=\"1 minute\" \/>\n<script type=\"application\/ld+json\" class=\"yoast-schema-graph\">{\"@context\":\"https:\\\/\\\/schema.org\",\"@graph\":[{\"@type\":\"WebPage\",\"@id\":\"https:\\\/\\\/campinggriffon.com\\\/fr\\\/comment-sy-rendre\\\/\",\"url\":\"https:\\\/\\\/campinggriffon.com\\\/fr\\\/comment-sy-rendre\\\/\",\"name\":\"Comment s'y rendre - Camping Griffon\",\"isPartOf\":{\"@id\":\"https:\\\/\\\/campinggriffon.com\\\/fr\\\/#website\"},\"datePublished\":\"2021-05-12T17:40:39+00:00\",\"dateModified\":\"2023-01-11T21:39:03+00:00\",\"breadcrumb\":{\"@id\":\"https:\\\/\\\/campinggriffon.com\\\/fr\\\/comment-sy-rendre\\\/#breadcrumb\"},\"inLanguage\":\"fr-FR\",\"potentialAction\":[{\"@type\":\"ReadAction\",\"target\":[\"https:\\\/\\\/campinggriffon.com\\\/fr\\\/comment-sy-rendre\\\/\"]}]},{\"@type\":\"BreadcrumbList\",\"@id\":\"https:\\\/\\\/campinggriffon.com\\\/fr\\\/comment-sy-rendre\\\/#breadcrumb\",\"itemListElement\":[{\"@type\":\"ListItem\",\"position\":1,\"name\":\"Home\",\"item\":\"https:\\\/\\\/campinggriffon.com\\\/fr\\\/\"},{\"@type\":\"ListItem\",\"position\":2,\"name\":\"Comment s&rsquo;y rendre\"}]},{\"@type\":\"WebSite\",\"@id\":\"https:\\\/\\\/campinggriffon.com\\\/fr\\\/#website\",\"url\":\"https:\\\/\\\/campinggriffon.com\\\/fr\\\/\",\"name\":\"Camping Griffon\",\"description\":\"\",\"publisher\":{\"@id\":\"https:\\\/\\\/campinggriffon.com\\\/fr\\\/#organization\"},\"potentialAction\":[{\"@type\":\"SearchAction\",\"target\":{\"@type\":\"EntryPoint\",\"urlTemplate\":\"https:\\\/\\\/campinggriffon.com\\\/fr\\\/?s={search_term_string}\"},\"query-input\":{\"@type\":\"PropertyValueSpecification\",\"valueRequired\":true,\"valueName\":\"search_term_string\"}}],\"inLanguage\":\"fr-FR\"},{\"@type\":\"Organization\",\"@id\":\"https:\\\/\\\/campinggriffon.com\\\/fr\\\/#organization\",\"name\":\"Camping Griffon\",\"url\":\"https:\\\/\\\/campinggriffon.com\\\/fr\\\/\",\"logo\":{\"@type\":\"ImageObject\",\"inLanguage\":\"fr-FR\",\"@id\":\"https:\\\/\\\/campinggriffon.com\\\/fr\\\/#\\\/schema\\\/logo\\\/image\\\/\",\"url\":\"https:\\\/\\\/i0.wp.com\\\/campinggriffon.com\\\/wp-content\\\/uploads\\\/2024\\\/08\\\/cropped-logo-numero-enregistrement.png?fit=210%2C135&ssl=1\",\"contentUrl\":\"https:\\\/\\\/i0.wp.com\\\/campinggriffon.com\\\/wp-content\\\/uploads\\\/2024\\\/08\\\/cropped-logo-numero-enregistrement.png?fit=210%2C135&ssl=1\",\"width\":210,\"height\":135,\"caption\":\"Camping Griffon\"},\"image\":{\"@id\":\"https:\\\/\\\/campinggriffon.com\\\/fr\\\/#\\\/schema\\\/logo\\\/image\\\/\"}}]}<\/script>\n<!-- \/ Yoast SEO plugin. -->","yoast_head_json":{"title":"Comment s'y rendre - Camping Griffon","robots":{"index":"index","follow":"follow","max-snippet":"max-snippet:-1","max-image-preview":"max-image-preview:large","max-video-preview":"max-video-preview:-1"},"canonical":"https:\/\/campinggriffon.com\/fr\/comment-sy-rendre\/","og_locale":"fr_FR","og_type":"article","og_title":"Comment s'y rendre - Camping Griffon","og_description":"Vous arrivez par le nord de la p\u00e9ninsule (via Matane)? Le camping se trouve sur la route 132 (boulevard Griffon) \u00e0 l&rsquo;entr\u00e9e du village de l&rsquo;Anse-au-Griffon en sortant de Rivi\u00e8re-au-Renard. \u00c0 Rivi\u00e8re-au-Renard, portez attention, il faut tourner \u00e0 gauche pour rester sur la 132. Si vous suivez simplement la route, elle devient la 197 etLire la suite \"Comment s&rsquo;y rendre\"","og_url":"https:\/\/campinggriffon.com\/fr\/comment-sy-rendre\/","og_site_name":"Camping Griffon","article_modified_time":"2023-01-11T21:39:03+00:00","twitter_card":"summary_large_image","twitter_misc":{"Dur\u00e9e de lecture estim\u00e9e":"1 minute"},"schema":{"@context":"https:\/\/schema.org","@graph":[{"@type":"WebPage","@id":"https:\/\/campinggriffon.com\/fr\/comment-sy-rendre\/","url":"https:\/\/campinggriffon.com\/fr\/comment-sy-rendre\/","name":"Comment s'y rendre - Camping Griffon","isPartOf":{"@id":"https:\/\/campinggriffon.com\/fr\/#website"},"datePublished":"2021-05-12T17:40:39+00:00","dateModified":"2023-01-11T21:39:03+00:00","breadcrumb":{"@id":"https:\/\/campinggriffon.com\/fr\/comment-sy-rendre\/#breadcrumb"},"inLanguage":"fr-FR","potentialAction":[{"@type":"ReadAction","target":["https:\/\/campinggriffon.com\/fr\/comment-sy-rendre\/"]}]},{"@type":"BreadcrumbList","@id":"https:\/\/campinggriffon.com\/fr\/comment-sy-rendre\/#breadcrumb","itemListElement":[{"@type":"ListItem","position":1,"name":"Home","item":"https:\/\/campinggriffon.com\/fr\/"},{"@type":"ListItem","position":2,"name":"Comment s&rsquo;y rendre"}]},{"@type":"WebSite","@id":"https:\/\/campinggriffon.com\/fr\/#website","url":"https:\/\/campinggriffon.com\/fr\/","name":"Camping Griffon","description":"","publisher":{"@id":"https:\/\/campinggriffon.com\/fr\/#organization"},"potentialAction":[{"@type":"SearchAction","target":{"@type":"EntryPoint","urlTemplate":"https:\/\/campinggriffon.com\/fr\/?s={search_term_string}"},"query-input":{"@type":"PropertyValueSpecification","valueRequired":true,"valueName":"search_term_string"}}],"inLanguage":"fr-FR"},{"@type":"Organization","@id":"https:\/\/campinggriffon.com\/fr\/#organization","name":"Camping Griffon","url":"https:\/\/campinggriffon.com\/fr\/","logo":{"@type":"ImageObject","inLanguage":"fr-FR","@id":"https:\/\/campinggriffon.com\/fr\/#\/schema\/logo\/image\/","url":"https:\/\/i0.wp.com\/campinggriffon.com\/wp-content\/uploads\/2024\/08\/cropped-logo-numero-enregistrement.png?fit=210%2C135&ssl=1","contentUrl":"https:\/\/i0.wp.com\/campinggriffon.com\/wp-content\/uploads\/2024\/08\/cropped-logo-numero-enregistrement.png?fit=210%2C135&ssl=1","width":210,"height":135,"caption":"Camping Griffon"},"image":{"@id":"https:\/\/campinggriffon.com\/fr\/#\/schema\/logo\/image\/"}}]}},"jetpack_likes_enabled":true,"jetpack_sharing_enabled":true,"jetpack_shortlink":"https:\/\/wp.me\/PcXO90-gVe","amp_enabled":true,"_links":{"self":[{"href":"https:\/\/campinggriffon.com\/fr\/wp-json\/wp\/v2\/pages\/65052","targetHints":{"allow":["GET"]}}],"collection":[{"href":"https:\/\/campinggriffon.com\/fr\/wp-json\/wp\/v2\/pages"}],"about":[{"href":"https:\/\/campinggriffon.com\/fr\/wp-json\/wp\/v2\/types\/page"}],"author":[{"embeddable":true,"href":"https:\/\/campinggriffon.com\/fr\/wp-json\/wp\/v2\/users\/204434269"}],"replies":[{"embeddable":true,"href":"https:\/\/campinggriffon.com\/fr\/wp-json\/wp\/v2\/comments?post=65052"}],"version-history":[{"count":6,"href":"https:\/\/campinggriffon.com\/fr\/wp-json\/wp\/v2\/pages\/65052\/revisions"}],"predecessor-version":[{"id":66569,"href":"https:\/\/campinggriffon.com\/fr\/wp-json\/wp\/v2\/pages\/65052\/revisions\/66569"}],"wp:attachment":[{"href":"https:\/\/campinggriffon.com\/fr\/wp-json\/wp\/v2\/media?parent=65052"}],"curies":[{"name":"wp","href":"https:\/\/api.w.org\/{rel}","templated":true}]}}