{"id":65059,"date":"2021-05-12T13:52:40","date_gmt":"2021-05-12T17:52:40","guid":{"rendered":"https:\/\/campinggriffon.com\/pour-nous-rejoindre\/"},"modified":"2021-06-15T15:15:10","modified_gmt":"2021-06-15T19:15:10","slug":"pour-nous-rejoindre","status":"publish","type":"page","link":"https:\/\/campinggriffon.com\/fr\/pour-nous-rejoindre\/","title":{"rendered":"Pour nous rejoindre"},"content":{"rendered":"\n<p class=\"has-text-align-left wp-block-paragraph\">Jasons! \ud83d\udc4b N&rsquo;h\u00e9sitez pas \u00e0 nous contacter en utilisant les informations ci-dessous ou en remplissant le formulaire fourni.<\/p>\n\n<div style=\"height:32px\" aria-hidden=\"true\" class=\"wp-block-spacer desktop-only\"><\/div>\n\n<div class=\"wp-block-columns alignwide has-2-columns is-layout-flex wp-container-core-columns-is-layout-7387b849 wp-block-columns-is-layout-flex\">\n<div class=\"wp-block-column is-layout-flow wp-block-column-is-layout-flow\">\n<h2 class=\"has-text-align-left wp-block-heading\">Coordonn\u00e9es<\/h2>\n\n\n\n<div class=\"wp-block-jetpack-contact-info\">\n<div class=\"wp-block-jetpack-address\"><div class=\"jetpack-address__address jetpack-address__address1\">421 Boulevard du Griffon<\/div><div class=\"jetpack-address__address jetpack-address__address2\">L&rsquo;Anse-au-Griffon<\/div><div><span class=\"jetpack-address__city\">Gasp\u00e9<\/span>, <span class=\"jetpack-address__region\">Qu\u00e9bec<\/span> <span class=\"jetpack-address__postal\">G4X6A1<\/span><\/div><div class=\"jetpack-address__country\">Canada<\/div><\/div>\n\n\n\n<div class=\"wp-block-jetpack-email\"><a href=\"mailto:info@campinggriffon.com\">info@campinggriffon.com<\/a><\/div>\n\n\n\n<div class=\"wp-block-jetpack-phone\"><a href=\"tel:4188925938\">(418) 892-5938<\/a><\/div>\n<\/div>\n<\/div>\n\n\n\n<div class=\"wp-block-column is-layout-flow wp-block-column-is-layout-flow\">\n<h2 class=\"has-text-align-left wp-block-heading\">Envoyez le message<\/h2>\n\n\n<div class=\"wp-block-jetpack-contact-form is-layout-flex wp-container-jetpack-contact-form-is-layout-b9bba262 wp-block-jetpack-contact-form-is-layout-flex\"><a href=\"https:\/\/campinggriffon.com\/fr\/pour-nous-rejoindre\/\" target=\"_blank\" rel=\"noopener noreferrer\">Soumettre un formulaire.<\/a><\/div><\/div>\n<\/div>\n","protected":false},"excerpt":{"rendered":"<p>Jasons! \ud83d\udc4b N&rsquo;h\u00e9sitez pas \u00e0 nous contacter en utilisant les informations ci-dessous ou en remplissant le formulaire fourni. Coordonn\u00e9es Envoyez le message<\/p>\n","protected":false},"author":204434269,"featured_media":0,"parent":0,"menu_order":1,"comment_status":"closed","ping_status":"closed","template":"","meta":{"_coblocks_attr":"","_coblocks_dimensions":"","_coblocks_responsive_height":"","_coblocks_accordion_ie_support":"","_crdt_document":"","footnotes":""},"class_list":["post-65059","page","type-page","status-publish","hentry","entry"],"yoast_head":"<!-- This site is optimized with the Yoast SEO plugin v27.3 - https:\/\/yoast.com\/product\/yoast-seo-wordpress\/ -->\n<title>Pour nous rejoindre - Camping Griffon<\/title>\n<meta name=\"robots\" content=\"index, follow, max-snippet:-1, max-image-preview:large, max-video-preview:-1\" \/>\n<link rel=\"canonical\" href=\"https:\/\/campinggriffon.com\/fr\/pour-nous-rejoindre\/\" \/>\n<meta property=\"og:locale\" content=\"fr_FR\" \/>\n<meta property=\"og:type\" content=\"article\" \/>\n<meta property=\"og:title\" content=\"Pour nous rejoindre - Camping Griffon\" \/>\n<meta property=\"og:description\" content=\"Jasons! \ud83d\udc4b N&rsquo;h\u00e9sitez pas \u00e0 nous contacter en utilisant les informations ci-dessous ou en remplissant le formulaire fourni. Coordonn\u00e9es Envoyez le message\" \/>\n<meta property=\"og:url\" content=\"https:\/\/campinggriffon.com\/fr\/pour-nous-rejoindre\/\" \/>\n<meta property=\"og:site_name\" content=\"Camping Griffon\" \/>\n<meta property=\"article:modified_time\" content=\"2021-06-15T19:15:10+00:00\" \/>\n<meta name=\"twitter:card\" content=\"summary_large_image\" \/>\n<script type=\"application\/ld+json\" class=\"yoast-schema-graph\">{\"@context\":\"https:\\\/\\\/schema.org\",\"@graph\":[{\"@type\":\"WebPage\",\"@id\":\"https:\\\/\\\/campinggriffon.com\\\/fr\\\/pour-nous-rejoindre\\\/\",\"url\":\"https:\\\/\\\/campinggriffon.com\\\/fr\\\/pour-nous-rejoindre\\\/\",\"name\":\"Pour nous rejoindre - Camping Griffon\",\"isPartOf\":{\"@id\":\"https:\\\/\\\/campinggriffon.com\\\/fr\\\/#website\"},\"datePublished\":\"2021-05-12T17:52:40+00:00\",\"dateModified\":\"2021-06-15T19:15:10+00:00\",\"breadcrumb\":{\"@id\":\"https:\\\/\\\/campinggriffon.com\\\/fr\\\/pour-nous-rejoindre\\\/#breadcrumb\"},\"inLanguage\":\"fr-FR\",\"potentialAction\":[{\"@type\":\"ReadAction\",\"target\":[\"https:\\\/\\\/campinggriffon.com\\\/fr\\\/pour-nous-rejoindre\\\/\"]}]},{\"@type\":\"BreadcrumbList\",\"@id\":\"https:\\\/\\\/campinggriffon.com\\\/fr\\\/pour-nous-rejoindre\\\/#breadcrumb\",\"itemListElement\":[{\"@type\":\"ListItem\",\"position\":1,\"name\":\"Home\",\"item\":\"https:\\\/\\\/campinggriffon.com\\\/fr\\\/\"},{\"@type\":\"ListItem\",\"position\":2,\"name\":\"Pour nous rejoindre\"}]},{\"@type\":\"WebSite\",\"@id\":\"https:\\\/\\\/campinggriffon.com\\\/fr\\\/#website\",\"url\":\"https:\\\/\\\/campinggriffon.com\\\/fr\\\/\",\"name\":\"Camping Griffon\",\"description\":\"\",\"publisher\":{\"@id\":\"https:\\\/\\\/campinggriffon.com\\\/fr\\\/#organization\"},\"potentialAction\":[{\"@type\":\"SearchAction\",\"target\":{\"@type\":\"EntryPoint\",\"urlTemplate\":\"https:\\\/\\\/campinggriffon.com\\\/fr\\\/?s={search_term_string}\"},\"query-input\":{\"@type\":\"PropertyValueSpecification\",\"valueRequired\":true,\"valueName\":\"search_term_string\"}}],\"inLanguage\":\"fr-FR\"},{\"@type\":\"Organization\",\"@id\":\"https:\\\/\\\/campinggriffon.com\\\/fr\\\/#organization\",\"name\":\"Camping Griffon\",\"url\":\"https:\\\/\\\/campinggriffon.com\\\/fr\\\/\",\"logo\":{\"@type\":\"ImageObject\",\"inLanguage\":\"fr-FR\",\"@id\":\"https:\\\/\\\/campinggriffon.com\\\/fr\\\/#\\\/schema\\\/logo\\\/image\\\/\",\"url\":\"https:\\\/\\\/i0.wp.com\\\/campinggriffon.com\\\/wp-content\\\/uploads\\\/2024\\\/08\\\/cropped-logo-numero-enregistrement.png?fit=210%2C135&ssl=1\",\"contentUrl\":\"https:\\\/\\\/i0.wp.com\\\/campinggriffon.com\\\/wp-content\\\/uploads\\\/2024\\\/08\\\/cropped-logo-numero-enregistrement.png?fit=210%2C135&ssl=1\",\"width\":210,\"height\":135,\"caption\":\"Camping Griffon\"},\"image\":{\"@id\":\"https:\\\/\\\/campinggriffon.com\\\/fr\\\/#\\\/schema\\\/logo\\\/image\\\/\"}}]}<\/script>\n<!-- \/ Yoast SEO plugin. -->","yoast_head_json":{"title":"Pour nous rejoindre - Camping Griffon","robots":{"index":"index","follow":"follow","max-snippet":"max-snippet:-1","max-image-preview":"max-image-preview:large","max-video-preview":"max-video-preview:-1"},"canonical":"https:\/\/campinggriffon.com\/fr\/pour-nous-rejoindre\/","og_locale":"fr_FR","og_type":"article","og_title":"Pour nous rejoindre - Camping Griffon","og_description":"Jasons! \ud83d\udc4b N&rsquo;h\u00e9sitez pas \u00e0 nous contacter en utilisant les informations ci-dessous ou en remplissant le formulaire fourni. Coordonn\u00e9es Envoyez le message","og_url":"https:\/\/campinggriffon.com\/fr\/pour-nous-rejoindre\/","og_site_name":"Camping Griffon","article_modified_time":"2021-06-15T19:15:10+00:00","twitter_card":"summary_large_image","schema":{"@context":"https:\/\/schema.org","@graph":[{"@type":"WebPage","@id":"https:\/\/campinggriffon.com\/fr\/pour-nous-rejoindre\/","url":"https:\/\/campinggriffon.com\/fr\/pour-nous-rejoindre\/","name":"Pour nous rejoindre - Camping Griffon","isPartOf":{"@id":"https:\/\/campinggriffon.com\/fr\/#website"},"datePublished":"2021-05-12T17:52:40+00:00","dateModified":"2021-06-15T19:15:10+00:00","breadcrumb":{"@id":"https:\/\/campinggriffon.com\/fr\/pour-nous-rejoindre\/#breadcrumb"},"inLanguage":"fr-FR","potentialAction":[{"@type":"ReadAction","target":["https:\/\/campinggriffon.com\/fr\/pour-nous-rejoindre\/"]}]},{"@type":"BreadcrumbList","@id":"https:\/\/campinggriffon.com\/fr\/pour-nous-rejoindre\/#breadcrumb","itemListElement":[{"@type":"ListItem","position":1,"name":"Home","item":"https:\/\/campinggriffon.com\/fr\/"},{"@type":"ListItem","position":2,"name":"Pour nous rejoindre"}]},{"@type":"WebSite","@id":"https:\/\/campinggriffon.com\/fr\/#website","url":"https:\/\/campinggriffon.com\/fr\/","name":"Camping Griffon","description":"","publisher":{"@id":"https:\/\/campinggriffon.com\/fr\/#organization"},"potentialAction":[{"@type":"SearchAction","target":{"@type":"EntryPoint","urlTemplate":"https:\/\/campinggriffon.com\/fr\/?s={search_term_string}"},"query-input":{"@type":"PropertyValueSpecification","valueRequired":true,"valueName":"search_term_string"}}],"inLanguage":"fr-FR"},{"@type":"Organization","@id":"https:\/\/campinggriffon.com\/fr\/#organization","name":"Camping Griffon","url":"https:\/\/campinggriffon.com\/fr\/","logo":{"@type":"ImageObject","inLanguage":"fr-FR","@id":"https:\/\/campinggriffon.com\/fr\/#\/schema\/logo\/image\/","url":"https:\/\/i0.wp.com\/campinggriffon.com\/wp-content\/uploads\/2024\/08\/cropped-logo-numero-enregistrement.png?fit=210%2C135&ssl=1","contentUrl":"https:\/\/i0.wp.com\/campinggriffon.com\/wp-content\/uploads\/2024\/08\/cropped-logo-numero-enregistrement.png?fit=210%2C135&ssl=1","width":210,"height":135,"caption":"Camping Griffon"},"image":{"@id":"https:\/\/campinggriffon.com\/fr\/#\/schema\/logo\/image\/"}}]}},"jetpack_likes_enabled":true,"jetpack_sharing_enabled":true,"jetpack_shortlink":"https:\/\/wp.me\/PcXO90-gVl","amp_enabled":true,"_links":{"self":[{"href":"https:\/\/campinggriffon.com\/fr\/wp-json\/wp\/v2\/pages\/65059","targetHints":{"allow":["GET"]}}],"collection":[{"href":"https:\/\/campinggriffon.com\/fr\/wp-json\/wp\/v2\/pages"}],"about":[{"href":"https:\/\/campinggriffon.com\/fr\/wp-json\/wp\/v2\/types\/page"}],"author":[{"embeddable":true,"href":"https:\/\/campinggriffon.com\/fr\/wp-json\/wp\/v2\/users\/204434269"}],"replies":[{"embeddable":true,"href":"https:\/\/campinggriffon.com\/fr\/wp-json\/wp\/v2\/comments?post=65059"}],"version-history":[{"count":9,"href":"https:\/\/campinggriffon.com\/fr\/wp-json\/wp\/v2\/pages\/65059\/revisions"}],"predecessor-version":[{"id":65841,"href":"https:\/\/campinggriffon.com\/fr\/wp-json\/wp\/v2\/pages\/65059\/revisions\/65841"}],"wp:attachment":[{"href":"https:\/\/campinggriffon.com\/fr\/wp-json\/wp\/v2\/media?parent=65059"}],"curies":[{"name":"wp","href":"https:\/\/api.w.org\/{rel}","templated":true}]}}